{"id":162,"date":"2024-11-08T14:55:06","date_gmt":"2024-11-08T13:55:06","guid":{"rendered":"https:\/\/www.studentenwerk-freiberg.de\/?page_id=162"},"modified":"2024-12-12T13:52:35","modified_gmt":"2024-12-12T12:52:35","slug":"studentenaustausch","status":"publish","type":"page","link":"https:\/\/www.studentenwerk-freiberg.de\/fr\/studium\/studentenaustausch\/","title":{"rendered":"\u00c9change d'\u00e9tudiants"},"content":{"rendered":"<p><div class=\"fusion-fullwidth fullwidth-box fusion-builder-row-1 fusion-flex-container has-pattern-background has-mask-background fusion-parallax-none nonhundred-percent-fullwidth non-hundred-percent-height-scrolling\" style=\"--awb-background-position:center top;--awb-border-radius-top-left:0px;--awb-border-radius-top-right:0px;--awb-border-radius-bottom-right:0px;--awb-border-radius-bottom-left:0px;--awb-padding-top-small:1em;--awb-background-image:linear-gradient(180deg, var(--awb-color2) 0%,#76c5e2 100%),url(https:\/\/www.studentenwerk-freiberg.de\/wp-content\/uploads\/2024\/11\/header-textur.webp);;--awb-background-size:cover;--awb-flex-wrap:wrap;\" ><div class=\"fusion-builder-row fusion-row fusion-flex-align-items-center fusion-flex-align-content-flex-end fusion-flex-justify-content-center fusion-flex-content-wrap\" style=\"max-width:1248px;margin-left: calc(-4% \/ 2 );margin-right: calc(-4% \/ 2 );\"><div class=\"fusion-layout-column fusion_builder_column fusion-builder-column-0 fusion_builder_column_1_1 1_1 fusion-flex-column fusion-flex-align-self-center\" style=\"--awb-overflow:hidden;--awb-bg-size:cover;--awb-border-radius:5px 5px 0px 0px;--awb-width-large:100%;--awb-margin-top-large:1.5em;--awb-spacing-right-large:1.92%;--awb-margin-bottom-large:1em;--awb-spacing-left-large:1.92%;--awb-width-medium:100%;--awb-order-medium:0;--awb-spacing-right-medium:1.92%;--awb-spacing-left-medium:1.92%;--awb-width-small:100%;--awb-order-small:0;--awb-margin-top-small:0;--awb-spacing-right-small:1.92%;--awb-spacing-left-small:1.92%;\" data-scroll-devices=\"small-visibility,medium-visibility,large-visibility\"><div class=\"fusion-column-wrapper fusion-column-has-shadow fusion-flex-justify-content-center fusion-content-layout-column\"><nav class=\"fusion-breadcrumbs fusion-breadcrumbs-1\" style=\"--awb-breadcrumb-sep:&#039;\/&#039;;\" aria-label=\"Fil d&#039;Ariane\"><ol class=\"awb-breadcrumb-list\"><\/ol><\/nav><div class=\"fusion-title title fusion-title-1 fusion-sep-none fusion-title-text fusion-title-size-one\"><h1 class=\"fusion-title-heading title-heading-left fusion-responsive-typography-calculated\" style=\"margin:0;--fontSize:55;line-height:var(--awb-typography1-line-height);\">\u00c9change d'\u00e9tudiants<\/h1><\/div><\/div><\/div><div class=\"fusion-layout-column fusion_builder_column fusion-builder-column-1 fusion_builder_column_1_1 1_1 fusion-flex-column\" style=\"--awb-z-index:1;--awb-bg-size:cover;--awb-width-large:100%;--awb-margin-top-large:-40px;--awb-spacing-right-large:0px;--awb-margin-bottom-large:0px;--awb-spacing-left-large:0px;--awb-width-medium:100%;--awb-order-medium:0;--awb-margin-top-medium:-40px;--awb-spacing-right-medium:0px;--awb-spacing-left-medium:0px;--awb-width-small:100%;--awb-order-small:0;--awb-margin-top-small:-20px;--awb-spacing-right-small:0px;--awb-spacing-left-small:0px;\" data-scroll-devices=\"small-visibility,medium-visibility,large-visibility\"><div class=\"fusion-column-wrapper fusion-column-has-shadow fusion-flex-justify-content-flex-start fusion-content-layout-column\"><div class=\"fusion-section-separator section-separator slant fusion-section-separator-1\" style=\"--awb-spacer-height:80px;--awb-divider-height:80px;--awb-spacer-padding-top:inherit;--awb-divider-height-small:40px;--awb-spacer-height-small:40px;--awb-sep-padding:0;--awb-svg-padding:0;--awb-svg-tag-margin-bottom:-3px;--awb-sep-svg-display:block;--awb-margin-bottom:-2px;\"><div class=\"fusion-section-separator-svg\"><svg class=\"fusion-slant-candy\" xmlns=\"http:\/\/www.w3.org\/2000\/svg\" version=\"1.1\" width=\"100%\" height=\"100\" viewbox=\"0 0 100 100\" preserveaspectratio=\"none\" fill=\"rgba(255,255,255,1)\"><path d=\"M100 0 L0 100 L101 100 Z\"><\/path><\/svg><\/div><div class=\"fusion-section-separator-spacer\"><div class=\"fusion-section-separator-spacer-height\"><\/div><\/div><\/div><\/div><\/div><\/div><\/div><div class=\"fusion-fullwidth fullwidth-box fusion-builder-row-2 fusion-flex-container has-pattern-background has-mask-background nonhundred-percent-fullwidth non-hundred-percent-height-scrolling\" style=\"--awb-border-radius-top-left:0px;--awb-border-radius-top-right:0px;--awb-border-radius-bottom-right:0px;--awb-border-radius-bottom-left:0px;--awb-padding-top:2em;--awb-padding-bottom:1em;--awb-padding-bottom-small:0px;--awb-flex-wrap:wrap;\" ><div class=\"fusion-builder-row fusion-row fusion-flex-align-items-flex-start fusion-flex-justify-content-space-between fusion-flex-content-wrap\" style=\"max-width:1248px;margin-left: calc(-4% \/ 2 );margin-right: calc(-4% \/ 2 );\"><div class=\"fusion-layout-column fusion_builder_column fusion-builder-column-2 fusion_builder_column_5_6 5_6 fusion-flex-column\" style=\"--awb-bg-size:cover;--awb-width-large:83.333333333333%;--awb-margin-top-large:0px;--awb-spacing-right-large:2.304%;--awb-margin-bottom-large:20px;--awb-spacing-left-large:2.304%;--awb-width-medium:100%;--awb-order-medium:0;--awb-spacing-right-medium:1.92%;--awb-spacing-left-medium:1.92%;--awb-width-small:100%;--awb-order-small:2;--awb-spacing-right-small:1.92%;--awb-margin-bottom-small:2em;--awb-spacing-left-small:1.92%;\"><div class=\"fusion-column-wrapper fusion-column-has-shadow fusion-flex-justify-content-flex-start fusion-content-layout-column\"><div class=\"fusion-text fusion-text-1\"><p>Quel que soit le pays du monde o\u00f9 l'on se rend pour les vacances, on ne voit jamais la vraie vie sur place. On fait miroiter aux touristes un monde qui n'existe pas. Ce n'est pas \u00e9tonnant, car ils ont pay\u00e9 pour \u00eatre bien divertis.<\/p>\n<p>Mais si l'on veut vraiment d\u00e9couvrir les diff\u00e9rences entre les pays lointains et sa propre culture, les opinions qui y r\u00e8gnent, l'odeur et le go\u00fbt de la nourriture traditionnelle, les danses et les sujets de rire, il faut partir un peu plus longtemps dans le pays lointain, par exemple pour un s\u00e9jour d'\u00e9tudes ou un stage.<\/p>\n<p>Ce n'est qu'apr\u00e8s avoir observ\u00e9 les habitants, la culture et le pays que l'on se rend compte assez rapidement que c'est exactement ce que font les \u00e9tudiants \u00e9trangers qui viennent chez nous : ils sont partis en voyage pour, en plus de leurs \u00e9tudes, apprendre \u00e0 nous conna\u00eetre, \u00e0 conna\u00eetre notre culture ou encore notre nourriture. Souvent, ils ne savaient pas ce qui les attendait et beaucoup d'entre eux sont probablement partis le c\u0153ur plein d'appr\u00e9hension.<\/p>\n<p>Aidons-les \u00e0 prendre rapidement pied chez nous et \u00e0 comprendre notre pays. Tendons-leur la main de l'amiti\u00e9. Car c'est en se comprenant bien que l'on construit des ponts d'amiti\u00e9.<\/p>\n<\/div><\/div><\/div><\/div><\/div><\/p>","protected":false},"excerpt":{"rendered":"","protected":false},"author":1,"featured_media":0,"parent":30,"menu_order":4,"comment_status":"closed","ping_status":"closed","template":"100-width.php","meta":{"_acf_changed":false,"footnotes":""},"class_list":["post-162","page","type-page","status-publish","hentry"],"acf":[],"_links":{"self":[{"href":"https:\/\/www.studentenwerk-freiberg.de\/fr\/wp-json\/wp\/v2\/pages\/162","targetHints":{"allow":["GET"]}}],"collection":[{"href":"https:\/\/www.studentenwerk-freiberg.de\/fr\/wp-json\/wp\/v2\/pages"}],"about":[{"href":"https:\/\/www.studentenwerk-freiberg.de\/fr\/wp-json\/wp\/v2\/types\/page"}],"author":[{"embeddable":true,"href":"https:\/\/www.studentenwerk-freiberg.de\/fr\/wp-json\/wp\/v2\/users\/1"}],"replies":[{"embeddable":true,"href":"https:\/\/www.studentenwerk-freiberg.de\/fr\/wp-json\/wp\/v2\/comments?post=162"}],"version-history":[{"count":5,"href":"https:\/\/www.studentenwerk-freiberg.de\/fr\/wp-json\/wp\/v2\/pages\/162\/revisions"}],"predecessor-version":[{"id":2294,"href":"https:\/\/www.studentenwerk-freiberg.de\/fr\/wp-json\/wp\/v2\/pages\/162\/revisions\/2294"}],"up":[{"embeddable":true,"href":"https:\/\/www.studentenwerk-freiberg.de\/fr\/wp-json\/wp\/v2\/pages\/30"}],"wp:attachment":[{"href":"https:\/\/www.studentenwerk-freiberg.de\/fr\/wp-json\/wp\/v2\/media?parent=162"}],"curies":[{"name":"wp","href":"https:\/\/api.w.org\/{rel}","templated":true}]}}