{"id":160,"date":"2024-11-08T14:54:42","date_gmt":"2024-11-08T13:54:42","guid":{"rendered":"https:\/\/www.studentenwerk-freiberg.de\/?page_id=160"},"modified":"2025-01-23T10:46:02","modified_gmt":"2025-01-23T09:46:02","slug":"auslandsstudium","status":"publish","type":"page","link":"https:\/\/www.studentenwerk-freiberg.de\/fr\/studium\/auslandsstudium\/","title":{"rendered":"\u00c9tudes \u00e0 l'\u00e9tranger"},"content":{"rendered":"<p><div class=\"fusion-fullwidth fullwidth-box fusion-builder-row-1 fusion-flex-container has-pattern-background has-mask-background fusion-parallax-none nonhundred-percent-fullwidth non-hundred-percent-height-scrolling\" style=\"--awb-background-position:center top;--awb-border-radius-top-left:0px;--awb-border-radius-top-right:0px;--awb-border-radius-bottom-right:0px;--awb-border-radius-bottom-left:0px;--awb-padding-top-small:1em;--awb-background-image:linear-gradient(180deg, var(--awb-color2) 0%,#76c5e2 100%),url(https:\/\/www.studentenwerk-freiberg.de\/wp-content\/uploads\/2024\/11\/header-textur.webp);;--awb-background-size:cover;--awb-flex-wrap:wrap;\" ><div class=\"fusion-builder-row fusion-row fusion-flex-align-items-center fusion-flex-align-content-flex-end fusion-flex-justify-content-center fusion-flex-content-wrap\" style=\"max-width:1248px;margin-left: calc(-4% \/ 2 );margin-right: calc(-4% \/ 2 );\"><div class=\"fusion-layout-column fusion_builder_column fusion-builder-column-0 fusion_builder_column_1_1 1_1 fusion-flex-column fusion-flex-align-self-center\" style=\"--awb-overflow:hidden;--awb-bg-size:cover;--awb-border-radius:5px 5px 0px 0px;--awb-width-large:100%;--awb-margin-top-large:1.5em;--awb-spacing-right-large:1.92%;--awb-margin-bottom-large:1em;--awb-spacing-left-large:1.92%;--awb-width-medium:100%;--awb-order-medium:0;--awb-spacing-right-medium:1.92%;--awb-spacing-left-medium:1.92%;--awb-width-small:100%;--awb-order-small:0;--awb-margin-top-small:0;--awb-spacing-right-small:1.92%;--awb-spacing-left-small:1.92%;\" data-scroll-devices=\"small-visibility,medium-visibility,large-visibility\"><div class=\"fusion-column-wrapper fusion-column-has-shadow fusion-flex-justify-content-center fusion-content-layout-column\"><nav class=\"fusion-breadcrumbs fusion-breadcrumbs-1\" style=\"--awb-breadcrumb-sep:&#039;\/&#039;;\" aria-label=\"Fil d&#039;Ariane\"><ol class=\"awb-breadcrumb-list\"><\/ol><\/nav><div class=\"fusion-title title fusion-title-1 fusion-sep-none fusion-title-text fusion-title-size-one\"><h1 class=\"fusion-title-heading title-heading-left fusion-responsive-typography-calculated\" style=\"margin:0;--fontSize:55;line-height:var(--awb-typography1-line-height);\">\u00c9tudes \u00e0 l'\u00e9tranger<\/h1><\/div><\/div><\/div><div class=\"fusion-layout-column fusion_builder_column fusion-builder-column-1 fusion_builder_column_1_1 1_1 fusion-flex-column\" style=\"--awb-z-index:1;--awb-bg-size:cover;--awb-width-large:100%;--awb-margin-top-large:-40px;--awb-spacing-right-large:0px;--awb-margin-bottom-large:0px;--awb-spacing-left-large:0px;--awb-width-medium:100%;--awb-order-medium:0;--awb-margin-top-medium:-40px;--awb-spacing-right-medium:0px;--awb-spacing-left-medium:0px;--awb-width-small:100%;--awb-order-small:0;--awb-margin-top-small:-20px;--awb-spacing-right-small:0px;--awb-spacing-left-small:0px;\" data-scroll-devices=\"small-visibility,medium-visibility,large-visibility\"><div class=\"fusion-column-wrapper fusion-column-has-shadow fusion-flex-justify-content-flex-start fusion-content-layout-column\"><div class=\"fusion-section-separator section-separator slant fusion-section-separator-1\" style=\"--awb-spacer-height:80px;--awb-divider-height:80px;--awb-spacer-padding-top:inherit;--awb-divider-height-small:40px;--awb-spacer-height-small:40px;--awb-sep-padding:0;--awb-svg-padding:0;--awb-svg-tag-margin-bottom:-3px;--awb-sep-svg-display:block;--awb-margin-bottom:-2px;\"><div class=\"fusion-section-separator-svg\"><svg class=\"fusion-slant-candy\" xmlns=\"http:\/\/www.w3.org\/2000\/svg\" version=\"1.1\" width=\"100%\" height=\"100\" viewbox=\"0 0 100 100\" preserveaspectratio=\"none\" fill=\"rgba(255,255,255,1)\"><path d=\"M100 0 L0 100 L101 100 Z\"><\/path><\/svg><\/div><div class=\"fusion-section-separator-spacer\"><div class=\"fusion-section-separator-spacer-height\"><\/div><\/div><\/div><\/div><\/div><\/div><\/div><div class=\"fusion-fullwidth fullwidth-box fusion-builder-row-2 fusion-flex-container has-pattern-background has-mask-background nonhundred-percent-fullwidth non-hundred-percent-height-scrolling\" style=\"--awb-border-radius-top-left:0px;--awb-border-radius-top-right:0px;--awb-border-radius-bottom-right:0px;--awb-border-radius-bottom-left:0px;--awb-padding-top:2em;--awb-padding-bottom-small:0px;--awb-flex-wrap:wrap;\" ><div class=\"fusion-builder-row fusion-row fusion-flex-align-items-flex-start fusion-flex-justify-content-space-between fusion-flex-content-wrap\" style=\"max-width:1248px;margin-left: calc(-4% \/ 2 );margin-right: calc(-4% \/ 2 );\"><div class=\"fusion-layout-column fusion_builder_column fusion-builder-column-2 fusion_builder_column_5_6 5_6 fusion-flex-column\" style=\"--awb-bg-size:cover;--awb-width-large:83.333333333333%;--awb-margin-top-large:0px;--awb-spacing-right-large:2.304%;--awb-margin-bottom-large:20px;--awb-spacing-left-large:2.304%;--awb-width-medium:100%;--awb-order-medium:0;--awb-spacing-right-medium:1.92%;--awb-spacing-left-medium:1.92%;--awb-width-small:100%;--awb-order-small:2;--awb-spacing-right-small:1.92%;--awb-margin-bottom-small:2em;--awb-spacing-left-small:1.92%;\"><div class=\"fusion-column-wrapper fusion-column-has-shadow fusion-flex-justify-content-flex-start fusion-content-layout-column\"><div class=\"fusion-text fusion-text-1\"><p>Avec l'europ\u00e9anisation et la mondialisation croissantes du monde du travail, un semestre ou un stage \u00e0 l'\u00e9tranger n'est plus aujourd'hui un extra, mais quelque chose que votre futur employeur attendra d'un candidat ayant un dipl\u00f4me universitaire.<\/p>\n<\/div><\/div><\/div><\/div><\/div><div class=\"fusion-fullwidth fullwidth-box fusion-builder-row-3 fusion-flex-container has-pattern-background has-mask-background nonhundred-percent-fullwidth non-hundred-percent-height-scrolling\" style=\"--awb-border-radius-top-left:0px;--awb-border-radius-top-right:0px;--awb-border-radius-bottom-right:0px;--awb-border-radius-bottom-left:0px;--awb-padding-top:1.5em;--awb-padding-bottom:1.5em;--awb-padding-bottom-small:0px;--awb-background-color:var(--awb-color2);--awb-flex-wrap:wrap;\" ><div class=\"fusion-builder-row fusion-row fusion-flex-align-items-flex-start fusion-flex-justify-content-space-between fusion-flex-content-wrap\" style=\"max-width:1248px;margin-left: calc(-4% \/ 2 );margin-right: calc(-4% \/ 2 );\"><div class=\"fusion-layout-column fusion_builder_column fusion-builder-column-3 fusion_builder_column_5_6 5_6 fusion-flex-column\" style=\"--awb-bg-size:cover;--awb-width-large:83.333333333333%;--awb-margin-top-large:0px;--awb-spacing-right-large:2.304%;--awb-margin-bottom-large:20px;--awb-spacing-left-large:2.304%;--awb-width-medium:100%;--awb-order-medium:0;--awb-spacing-right-medium:1.92%;--awb-spacing-left-medium:1.92%;--awb-width-small:100%;--awb-order-small:2;--awb-spacing-right-small:1.92%;--awb-margin-bottom-small:2em;--awb-spacing-left-small:1.92%;\"><div class=\"fusion-column-wrapper fusion-column-has-shadow fusion-flex-justify-content-flex-start fusion-content-layout-column\"><div class=\"fusion-title title fusion-title-2 fusion-sep-none fusion-title-text fusion-title-size-two\" style=\"--awb-text-color:var(--awb-color7);--awb-font-size:2em;\"><h2 class=\"fusion-title-heading title-heading-left fusion-responsive-typography-calculated\" style=\"margin:0;font-size:1em;--fontSize:36;line-height:var(--awb-typography1-line-height);\">\u00c9tudes<\/h2><\/div><div class=\"fusion-text fusion-text-2\"><p>Afin de faciliter la planification d'un s\u00e9jour \u00e0 l'\u00e9tranger, le Centre universitaire international (IUZ) de Freiberg ou l'Akademisches Auslandsamt Mittweida (AAA) proposent de nombreux documents d'information et conseillent sur des demandes et questions concr\u00e8tes.<\/p>\n<p>En outre, des r\u00e9unions d'information sur les \u00e9tudes et les stages \u00e0 l'\u00e9tranger sont organis\u00e9es chaque mois pendant le semestre, ainsi que des r\u00e9unions sp\u00e9ciales avec des intervenants invit\u00e9s sur diff\u00e9rents th\u00e8mes.<\/p>\n<p>Des informations sur les possibilit\u00e9s d'\u00e9tudes et les programmes, sur les \u00e9v\u00e9nements et sur les interlocuteurs respectifs sont disponibles sur les sites Internet correspondants des \u00e9tablissements d'enseignement sup\u00e9rieur.<\/p>\n<\/div><div ><a class=\"fusion-button button-flat fusion-button-default-size button-default fusion-button-default button-1 fusion-button-default-span fusion-button-default-type\" style=\"--button_margin-bottom:1em;\" target=\"_blank\" rel=\"noopener noreferrer\" href=\"https:\/\/tu-freiberg.de\/studium\/im-studium\/von-freiberg-ins-ausland\"><span class=\"fusion-button-text awb-button__text awb-button__text--default\">vers l'IUZ Freiberg<\/span><i class=\"fa-external-link-alt fas awb-button__icon awb-button__icon--default button-icon-right\" aria-hidden=\"true\"><\/i><\/a><\/div><div ><a class=\"fusion-button button-flat fusion-button-default-size button-default fusion-button-default button-2 fusion-button-default-span fusion-button-default-type\" target=\"_blank\" rel=\"noopener noreferrer\" href=\"https:\/\/www.ausland.hs-mittweida.de\/\"><span class=\"fusion-button-text awb-button__text awb-button__text--default\">vers l'Office international de Mittweida<\/span><i class=\"fa-external-link-alt fas awb-button__icon awb-button__icon--default button-icon-right\" aria-hidden=\"true\"><\/i><\/a><\/div><\/div><\/div><\/div><\/div><div class=\"fusion-fullwidth fullwidth-box fusion-builder-row-4 fusion-flex-container has-pattern-background has-mask-background nonhundred-percent-fullwidth non-hundred-percent-height-scrolling\" style=\"--awb-border-radius-top-left:0px;--awb-border-radius-top-right:0px;--awb-border-radius-bottom-right:0px;--awb-border-radius-bottom-left:0px;--awb-padding-top:1.5em;--awb-padding-bottom:1.5em;--awb-padding-bottom-small:0px;--awb-flex-wrap:wrap;\" ><div class=\"fusion-builder-row fusion-row fusion-flex-align-items-flex-start fusion-flex-justify-content-space-between fusion-flex-content-wrap\" style=\"max-width:1248px;margin-left: calc(-4% \/ 2 );margin-right: calc(-4% \/ 2 );\"><div class=\"fusion-layout-column fusion_builder_column fusion-builder-column-4 fusion_builder_column_5_6 5_6 fusion-flex-column\" style=\"--awb-bg-size:cover;--awb-width-large:83.333333333333%;--awb-margin-top-large:0px;--awb-spacing-right-large:2.304%;--awb-margin-bottom-large:20px;--awb-spacing-left-large:2.304%;--awb-width-medium:100%;--awb-order-medium:0;--awb-spacing-right-medium:1.92%;--awb-spacing-left-medium:1.92%;--awb-width-small:100%;--awb-order-small:2;--awb-spacing-right-small:1.92%;--awb-margin-bottom-small:2em;--awb-spacing-left-small:1.92%;\"><div class=\"fusion-column-wrapper fusion-column-has-shadow fusion-flex-justify-content-flex-start fusion-content-layout-column\"><div class=\"fusion-title title fusion-title-3 fusion-sep-none fusion-title-text fusion-title-size-two\" style=\"--awb-text-color:var(--awb-color7);--awb-font-size:2em;\"><h2 class=\"fusion-title-heading title-heading-left fusion-responsive-typography-calculated\" style=\"margin:0;font-size:1em;--fontSize:36;line-height:var(--awb-typography1-line-height);\">BAf\u00f6G \u00e0 l'\u00e9tranger<\/h2><\/div><div class=\"fusion-text fusion-text-3\"><p>Souvent, il est \u00e9galement possible d'obtenir une aide au titre du BAf\u00f6G. Mais comme il n'est pas possible d'emporter l'aide re\u00e7ue dans le pays, il faut absolument se faire conseiller \u00e0 ce sujet par le Studentenwerk au pr\u00e9alable !<\/p>\n<\/div><div ><a class=\"fusion-button button-flat fusion-button-default-size button-default fusion-button-default button-3 fusion-button-default-span fusion-button-default-type\" target=\"_self\" href=\"https:\/\/www.studentenwerk-freiberg.de\/fr\/finanzen\/bafoeg\/kontaktstellen\/\"><span class=\"fusion-button-text awb-button__text awb-button__text--default\">vers les contacts BAf\u00f6G<\/span><i class=\"fa-angle-right fas awb-button__icon awb-button__icon--default button-icon-right\" aria-hidden=\"true\"><\/i><\/a><\/div><\/div><\/div><\/div><\/div><div class=\"fusion-fullwidth fullwidth-box fusion-builder-row-5 fusion-flex-container has-pattern-background has-mask-background nonhundred-percent-fullwidth non-hundred-percent-height-scrolling\" style=\"--awb-border-radius-top-left:0px;--awb-border-radius-top-right:0px;--awb-border-radius-bottom-right:0px;--awb-border-radius-bottom-left:0px;--awb-padding-top:1.5em;--awb-padding-bottom:1.5em;--awb-padding-bottom-small:0px;--awb-background-color:var(--awb-color2);--awb-flex-wrap:wrap;\" ><div class=\"fusion-builder-row fusion-row fusion-flex-align-items-flex-start fusion-flex-justify-content-space-between fusion-flex-content-wrap\" style=\"max-width:1248px;margin-left: calc(-4% \/ 2 );margin-right: calc(-4% \/ 2 );\"><div class=\"fusion-layout-column fusion_builder_column fusion-builder-column-5 fusion_builder_column_5_6 5_6 fusion-flex-column\" style=\"--awb-bg-size:cover;--awb-width-large:83.333333333333%;--awb-margin-top-large:0px;--awb-spacing-right-large:2.304%;--awb-margin-bottom-large:20px;--awb-spacing-left-large:2.304%;--awb-width-medium:100%;--awb-order-medium:0;--awb-spacing-right-medium:1.92%;--awb-spacing-left-medium:1.92%;--awb-width-small:100%;--awb-order-small:2;--awb-spacing-right-small:1.92%;--awb-margin-bottom-small:2em;--awb-spacing-left-small:1.92%;\"><div class=\"fusion-column-wrapper fusion-column-has-shadow fusion-flex-justify-content-flex-start fusion-content-layout-column\"><div class=\"fusion-title title fusion-title-4 fusion-sep-none fusion-title-text fusion-title-size-two\" style=\"--awb-text-color:var(--awb-color7);--awb-font-size:2em;\"><h2 class=\"fusion-title-heading title-heading-left fusion-responsive-typography-calculated\" style=\"margin:0;font-size:1em;--fontSize:36;line-height:var(--awb-typography1-line-height);\">R\u00e9silier un appartement ?<\/h2><\/div><div class=\"fusion-text fusion-text-4\"><p>Selon la dur\u00e9e de votre s\u00e9jour \u00e0 l'\u00e9tranger, la question se posera de savoir ce qu'il adviendra de l'appartement ou de la chambre en colocation ici en Allemagne. Tant que le contrat de location existe, le loyer doit \u00eatre pay\u00e9 et \u00e0 l'\u00e9tranger, il y a encore un deuxi\u00e8me loyer \u00e0 payer.<\/p>\n<p>Pour les s\u00e9jours \u00e0 l'\u00e9tranger d'une dur\u00e9e inf\u00e9rieure ou \u00e9gale \u00e0 un semestre, il est recommand\u00e9 de chercher un sous-locataire. Celui-ci n'entre pas dans votre contrat de location, mais c'est \u00e0 lui que la chambre est sous-lou\u00e9e.<\/p>\n<p>Attention : vous devez absolument demander \u00e0 temps l'autorisation du bailleur pour cela. La sous-location non autoris\u00e9e d'un logement peut \u00eatre un motif de r\u00e9siliation. Nous ne savons pas comment les autres bailleurs r\u00e9agissent \u00e0 la demande de sous-location. Au Studentenwerk, cela peut \u00eatre assez simple, mais il est tout de m\u00eame n\u00e9cessaire d'en parler \u00e0 temps avec la personne responsable.<\/p>\n<\/div><div ><a class=\"fusion-button button-flat fusion-button-default-size button-default fusion-button-default button-4 fusion-button-default-span fusion-button-default-type\" style=\"--button_margin-bottom:1em;\" target=\"_self\" href=\"https:\/\/www.studentenwerk-freiberg.de\/fr\/wohnen\/in-freiberg-wohnen\/kontakte-fg\/\"><span class=\"fusion-button-text awb-button__text awb-button__text--default\">Contacts Vivre \u00e0 Freiberg<\/span><i class=\"fa-angle-right fas awb-button__icon awb-button__icon--default button-icon-right\" aria-hidden=\"true\"><\/i><\/a><\/div><div ><a class=\"fusion-button button-flat fusion-button-default-size button-default fusion-button-default button-5 fusion-button-default-span fusion-button-default-type\" target=\"_self\" href=\"https:\/\/www.studentenwerk-freiberg.de\/fr\/wohnen\/in-mittweida-wohnen\/kontakte-mw\/\"><span class=\"fusion-button-text awb-button__text awb-button__text--default\">Contacts Vivre \u00e0 Mittweida<\/span><i class=\"fa-angle-right fas awb-button__icon awb-button__icon--default button-icon-right\" aria-hidden=\"true\"><\/i><\/a><\/div><\/div><\/div><\/div><\/div><div class=\"fusion-fullwidth fullwidth-box fusion-builder-row-6 fusion-flex-container has-pattern-background has-mask-background nonhundred-percent-fullwidth non-hundred-percent-height-scrolling\" style=\"--awb-border-radius-top-left:0px;--awb-border-radius-top-right:0px;--awb-border-radius-bottom-right:0px;--awb-border-radius-bottom-left:0px;--awb-padding-top:1.5em;--awb-padding-bottom:1.5em;--awb-padding-bottom-small:0px;--awb-flex-wrap:wrap;\" ><div class=\"fusion-builder-row fusion-row fusion-flex-align-items-flex-start fusion-flex-justify-content-space-between fusion-flex-content-wrap\" style=\"max-width:1248px;margin-left: calc(-4% \/ 2 );margin-right: calc(-4% \/ 2 );\"><div class=\"fusion-layout-column fusion_builder_column fusion-builder-column-6 fusion_builder_column_5_6 5_6 fusion-flex-column\" style=\"--awb-bg-size:cover;--awb-width-large:83.333333333333%;--awb-margin-top-large:0px;--awb-spacing-right-large:2.304%;--awb-margin-bottom-large:20px;--awb-spacing-left-large:2.304%;--awb-width-medium:100%;--awb-order-medium:0;--awb-spacing-right-medium:1.92%;--awb-spacing-left-medium:1.92%;--awb-width-small:100%;--awb-order-small:2;--awb-spacing-right-small:1.92%;--awb-margin-bottom-small:2em;--awb-spacing-left-small:1.92%;\"><div class=\"fusion-column-wrapper fusion-column-has-shadow fusion-flex-justify-content-flex-start fusion-content-layout-column\"><div class=\"fusion-title title fusion-title-5 fusion-sep-none fusion-title-text fusion-title-size-two\" style=\"--awb-text-color:var(--awb-color7);--awb-font-size:2em;\"><h2 class=\"fusion-title-heading title-heading-left fusion-responsive-typography-calculated\" style=\"margin:0;font-size:1em;--fontSize:36;line-height:var(--awb-typography1-line-height);\">Bureau d'enregistrement<\/h2><\/div><div class=\"fusion-text fusion-text-5\"><p>Vous savez certainement que vous devez vous inscrire aupr\u00e8s du service d'enregistrement dans les deux semaines suivant votre arriv\u00e9e en Allemagne. Ce d\u00e9lai est \u00e9galement valable si vous d\u00e9m\u00e9nagez dans un autre appartement \u00e0 Freiberg ou dans une autre ville en Allemagne (Ummeldung). De m\u00eame, si vous retournez dans votre pays d'origine apr\u00e8s avoir termin\u00e9 vos \u00e9tudes, vous devez vous d\u00e9sinscrire aupr\u00e8s du service d'inscription.<\/p>\n<p>Vous obtiendrez toutes les informations n\u00e9cessaires dans les bureaux des citoyens des villes de Freiberg ou de Mittweida.<\/p>\n<\/div><div ><a class=\"fusion-button button-flat fusion-button-default-size button-default fusion-button-default button-6 fusion-button-default-span fusion-button-default-type\" style=\"--button_margin-bottom:1em;\" target=\"_blank\" rel=\"noopener noreferrer\" href=\"https:\/\/www.freiberg.de\/stadt-und-buerger\/buergerservice\/behoerdenuebersicht\/buergerbuero\"><span class=\"fusion-button-text awb-button__text awb-button__text--default\">vers le bureau des citoyens de Freiberg<\/span><i class=\"fa-external-link-alt fas awb-button__icon awb-button__icon--default button-icon-right\" aria-hidden=\"true\"><\/i><\/a><\/div><div ><a class=\"fusion-button button-flat fusion-button-default-size button-default fusion-button-default button-7 fusion-button-default-span fusion-button-default-type\" target=\"_blank\" rel=\"noopener noreferrer\" href=\"https:\/\/www.mittweida.de\/buergerservice\/buerger--und-gaestebuero\/\"><span class=\"fusion-button-text awb-button__text awb-button__text--default\">au bureau des citoyens de Mittweida<\/span><i class=\"fa-external-link-alt fas awb-button__icon awb-button__icon--default button-icon-right\" aria-hidden=\"true\"><\/i><\/a><\/div><\/div><\/div><\/div><\/div><div class=\"fusion-fullwidth fullwidth-box fusion-builder-row-7 fusion-flex-container has-pattern-background has-mask-background nonhundred-percent-fullwidth non-hundred-percent-height-scrolling\" style=\"--awb-border-radius-top-left:0px;--awb-border-radius-top-right:0px;--awb-border-radius-bottom-right:0px;--awb-border-radius-bottom-left:0px;--awb-padding-top:1.5em;--awb-padding-bottom:1.5em;--awb-padding-bottom-small:0px;--awb-background-color:var(--awb-color2);--awb-flex-wrap:wrap;\" ><div class=\"fusion-builder-row fusion-row fusion-flex-align-items-flex-start fusion-flex-justify-content-space-between fusion-flex-content-wrap\" style=\"max-width:1248px;margin-left: calc(-4% \/ 2 );margin-right: calc(-4% \/ 2 );\"><div class=\"fusion-layout-column fusion_builder_column fusion-builder-column-7 fusion_builder_column_5_6 5_6 fusion-flex-column\" style=\"--awb-bg-size:cover;--awb-width-large:83.333333333333%;--awb-margin-top-large:0px;--awb-spacing-right-large:2.304%;--awb-margin-bottom-large:20px;--awb-spacing-left-large:2.304%;--awb-width-medium:100%;--awb-order-medium:0;--awb-spacing-right-medium:1.92%;--awb-spacing-left-medium:1.92%;--awb-width-small:100%;--awb-order-small:2;--awb-spacing-right-small:1.92%;--awb-margin-bottom-small:2em;--awb-spacing-left-small:1.92%;\"><div class=\"fusion-column-wrapper fusion-column-has-shadow fusion-flex-justify-content-flex-start fusion-content-layout-column\"><div class=\"fusion-title title fusion-title-6 fusion-sep-none fusion-title-text fusion-title-size-two\" style=\"--awb-text-color:var(--awb-color7);--awb-font-size:2em;\"><h2 class=\"fusion-title-heading title-heading-left fusion-responsive-typography-calculated\" style=\"margin:0;font-size:1em;--fontSize:36;line-height:var(--awb-typography1-line-height);\">Assurances \u00e0 l'\u00e9tranger<\/h2><\/div><div class=\"fusion-text fusion-text-6\"><p>Veuillez vous informer \u00e0 temps et en d\u00e9tail sur les assurances dont vous aurez besoin dans le pays o\u00f9 vous souhaitez vous rendre. Un entretien avec un courtier en assurances est vivement conseill\u00e9.<\/p>\n<\/div><\/div><\/div><\/div><\/div><\/p>","protected":false},"excerpt":{"rendered":"","protected":false},"author":1,"featured_media":0,"parent":30,"menu_order":3,"comment_status":"closed","ping_status":"closed","template":"100-width.php","meta":{"_acf_changed":false,"footnotes":""},"class_list":["post-160","page","type-page","status-publish","hentry"],"acf":[],"_links":{"self":[{"href":"https:\/\/www.studentenwerk-freiberg.de\/fr\/wp-json\/wp\/v2\/pages\/160","targetHints":{"allow":["GET"]}}],"collection":[{"href":"https:\/\/www.studentenwerk-freiberg.de\/fr\/wp-json\/wp\/v2\/pages"}],"about":[{"href":"https:\/\/www.studentenwerk-freiberg.de\/fr\/wp-json\/wp\/v2\/types\/page"}],"author":[{"embeddable":true,"href":"https:\/\/www.studentenwerk-freiberg.de\/fr\/wp-json\/wp\/v2\/users\/1"}],"replies":[{"embeddable":true,"href":"https:\/\/www.studentenwerk-freiberg.de\/fr\/wp-json\/wp\/v2\/comments?post=160"}],"version-history":[{"count":14,"href":"https:\/\/www.studentenwerk-freiberg.de\/fr\/wp-json\/wp\/v2\/pages\/160\/revisions"}],"predecessor-version":[{"id":3491,"href":"https:\/\/www.studentenwerk-freiberg.de\/fr\/wp-json\/wp\/v2\/pages\/160\/revisions\/3491"}],"up":[{"embeddable":true,"href":"https:\/\/www.studentenwerk-freiberg.de\/fr\/wp-json\/wp\/v2\/pages\/30"}],"wp:attachment":[{"href":"https:\/\/www.studentenwerk-freiberg.de\/fr\/wp-json\/wp\/v2\/media?parent=160"}],"curies":[{"name":"wp","href":"https:\/\/api.w.org\/{rel}","templated":true}]}}