{"id":148,"date":"2024-11-08T14:50:32","date_gmt":"2024-11-08T13:50:32","guid":{"rendered":"https:\/\/www.studentenwerk-freiberg.de\/?page_id=148"},"modified":"2025-12-08T14:44:54","modified_gmt":"2025-12-08T13:44:54","slug":"freizeitangebote-freiberg","status":"publish","type":"page","link":"https:\/\/www.studentenwerk-freiberg.de\/es\/kultur\/in-freiberg-kultur\/freizeitangebote-freiberg\/","title":{"rendered":"Actividades de ocio"},"content":{"rendered":"<p><div class=\"fusion-fullwidth fullwidth-box fusion-builder-row-1 fusion-flex-container has-pattern-background has-mask-background fusion-parallax-none nonhundred-percent-fullwidth non-hundred-percent-height-scrolling\" style=\"--awb-background-position:center top;--awb-border-radius-top-left:0px;--awb-border-radius-top-right:0px;--awb-border-radius-bottom-right:0px;--awb-border-radius-bottom-left:0px;--awb-padding-top-small:1em;--awb-background-image:linear-gradient(180deg, var(--awb-color2) 0%,#76c5e2 100%),url(https:\/\/www.studentenwerk-freiberg.de\/wp-content\/uploads\/2024\/11\/header-textur.webp);;--awb-background-size:cover;--awb-flex-wrap:wrap;\" ><div class=\"fusion-builder-row fusion-row fusion-flex-align-items-center fusion-flex-align-content-flex-end fusion-flex-justify-content-center fusion-flex-content-wrap\" style=\"max-width:1248px;margin-left: calc(-4% \/ 2 );margin-right: calc(-4% \/ 2 );\"><div class=\"fusion-layout-column fusion_builder_column fusion-builder-column-0 fusion_builder_column_1_1 1_1 fusion-flex-column fusion-flex-align-self-center\" style=\"--awb-overflow:hidden;--awb-bg-size:cover;--awb-border-radius:5px 5px 0px 0px;--awb-width-large:100%;--awb-margin-top-large:1.5em;--awb-spacing-right-large:1.92%;--awb-margin-bottom-large:1em;--awb-spacing-left-large:1.92%;--awb-width-medium:100%;--awb-order-medium:0;--awb-spacing-right-medium:1.92%;--awb-spacing-left-medium:1.92%;--awb-width-small:100%;--awb-order-small:0;--awb-margin-top-small:0;--awb-spacing-right-small:1.92%;--awb-spacing-left-small:1.92%;\" data-scroll-devices=\"small-visibility,medium-visibility,large-visibility\"><div class=\"fusion-column-wrapper fusion-column-has-shadow fusion-flex-justify-content-center fusion-content-layout-column\"><nav class=\"fusion-breadcrumbs fusion-breadcrumbs-1\" style=\"--awb-breadcrumb-sep:&#039;\/&#039;;\" aria-label=\"Migas de pan\"><ol class=\"awb-breadcrumb-list\"><\/ol><\/nav><div class=\"fusion-title title fusion-title-1 fusion-sep-none fusion-title-text fusion-title-size-one\"><h1 class=\"fusion-title-heading title-heading-left fusion-responsive-typography-calculated\" style=\"margin:0;--fontSize:55;line-height:var(--awb-typography1-line-height);\">Actividades culturales de ocio en Freiberg<\/h1><\/div><\/div><\/div><div class=\"fusion-layout-column fusion_builder_column fusion-builder-column-1 fusion_builder_column_1_1 1_1 fusion-flex-column\" style=\"--awb-z-index:1;--awb-bg-size:cover;--awb-width-large:100%;--awb-margin-top-large:-40px;--awb-spacing-right-large:0px;--awb-margin-bottom-large:0px;--awb-spacing-left-large:0px;--awb-width-medium:100%;--awb-order-medium:0;--awb-margin-top-medium:-40px;--awb-spacing-right-medium:0px;--awb-spacing-left-medium:0px;--awb-width-small:100%;--awb-order-small:0;--awb-margin-top-small:-20px;--awb-spacing-right-small:0px;--awb-spacing-left-small:0px;\" data-scroll-devices=\"small-visibility,medium-visibility,large-visibility\"><div class=\"fusion-column-wrapper fusion-column-has-shadow fusion-flex-justify-content-flex-start fusion-content-layout-column\"><div class=\"fusion-section-separator section-separator slant fusion-section-separator-1\" style=\"--awb-spacer-height:80px;--awb-divider-height:80px;--awb-spacer-padding-top:inherit;--awb-divider-height-small:40px;--awb-spacer-height-small:40px;--awb-sep-padding:0;--awb-svg-padding:0;--awb-svg-tag-margin-bottom:-3px;--awb-sep-svg-display:block;--awb-margin-bottom:-2px;\"><div class=\"fusion-section-separator-svg\"><svg class=\"fusion-slant-candy\" xmlns=\"http:\/\/www.w3.org\/2000\/svg\" version=\"1.1\" width=\"100%\" height=\"100\" viewbox=\"0 0 100 100\" preserveaspectratio=\"none\" fill=\"rgba(255,255,255,1)\"><path d=\"M100 0 L0 100 L101 100 Z\"><\/path><\/svg><\/div><div class=\"fusion-section-separator-spacer\"><div class=\"fusion-section-separator-spacer-height\"><\/div><\/div><\/div><\/div><\/div><\/div><\/div><div class=\"fusion-fullwidth fullwidth-box fusion-builder-row-2 fusion-flex-container has-pattern-background has-mask-background nonhundred-percent-fullwidth non-hundred-percent-height-scrolling\" style=\"--awb-border-radius-top-left:0px;--awb-border-radius-top-right:0px;--awb-border-radius-bottom-right:0px;--awb-border-radius-bottom-left:0px;--awb-padding-top:2em;--awb-padding-bottom:2em;--awb-padding-bottom-small:1em;--awb-background-color:var(--awb-color1);--awb-flex-wrap:wrap;\" ><div class=\"fusion-builder-row fusion-row fusion-flex-align-items-flex-start fusion-flex-justify-content-center fusion-flex-content-wrap\" style=\"max-width:1248px;margin-left: calc(-4% \/ 2 );margin-right: calc(-4% \/ 2 );\"><div class=\"fusion-layout-column fusion_builder_column fusion-builder-column-2 fusion_builder_column_4_5 4_5 fusion-flex-column\" style=\"--awb-bg-size:cover;--awb-width-large:80%;--awb-margin-top-large:0px;--awb-spacing-right-large:2.4%;--awb-margin-bottom-large:20px;--awb-spacing-left-large:2.4%;--awb-width-medium:80%;--awb-order-medium:0;--awb-spacing-right-medium:2.4%;--awb-spacing-left-medium:2.4%;--awb-width-small:100%;--awb-order-small:0;--awb-spacing-right-small:1.92%;--awb-spacing-left-small:1.92%;\"><div class=\"fusion-column-wrapper fusion-column-has-shadow fusion-flex-justify-content-flex-start fusion-content-layout-column\"><div class=\"fusion-title title fusion-title-2 fusion-sep-none fusion-title-center fusion-title-text fusion-title-size-two\" style=\"--awb-text-color:var(--awb-custom_color_1);--awb-margin-bottom-small:2em;--awb-font-size:1.4em;\"><h2 class=\"fusion-title-heading title-heading-center fusion-responsive-typography-calculated\" style=\"margin:0;font-size:1em;--fontSize:25.2;--minFontSize:25.2;line-height:var(--awb-typography1-line-height);\">La Studentenwerk Freiberg apoya, entre otras, las actividades de los siguientes grupos de trabajo y grupos culturales:<\/h2><\/div><div class=\"accordian fusion-accordian\" style=\"--awb-border-size:1px;--awb-icon-size:30px;--awb-content-font-size:var(--awb-typography4-font-size);--awb-icon-alignment:right;--awb-hover-color:var(--awb-color2);--awb-border-color:var(--awb-color3);--awb-background-color:var(--awb-color1);--awb-divider-color:var(--awb-color3);--awb-divider-hover-color:var(--awb-color3);--awb-icon-color:var(--awb-custom_color_1);--awb-title-color:var(--awb-color8);--awb-content-color:var(--awb-color8);--awb-icon-box-color:rgba(255,255,255,0);--awb-toggle-hover-accent-color:var(--awb-custom_color_1);--awb-title-font-family:var(--awb-typography1-font-family);--awb-title-font-weight:var(--awb-typography1-font-weight);--awb-title-font-style:var(--awb-typography1-font-style);--awb-title-font-size:1.2em;--awb-title-line-height:1.2em;--awb-content-font-family:var(--awb-typography4-font-family);--awb-content-font-weight:var(--awb-typography4-font-weight);--awb-content-font-style:var(--awb-typography4-font-style);\"><div class=\"panel-group fusion-toggle-icon-right fusion-toggle-icon-unboxed\" id=\"accordion-148-1\"><div class=\"fusion-panel panel-default panel-13d45ef1004978dc5 fusion-toggle-has-divider\" style=\"--awb-title-color:var(--awb-color8);\"><div class=\"panel-heading\"><h4 class=\"panel-title toggle\" id=\"toggle_13d45ef1004978dc5\"><a aria-expanded=\"false\" aria-controls=\"13d45ef1004978dc5\" role=\"button\" data-toggle=\"collapse\" data-target=\"#13d45ef1004978dc5\" href=\"#13d45ef1004978dc5\"><span class=\"fusion-toggle-icon-wrapper\" aria-hidden=\"true\"><i class=\"fa-fusion-box active-icon awb-icon-minus\" aria-hidden=\"true\"><\/i><i class=\"fa-fusion-box inactive-icon awb-icon-plus\" aria-hidden=\"true\"><\/i><\/span><span class=\"fusion-toggle-heading\">Teatro acad\u00e9mico<\/span><\/a><\/h4><\/div><div id=\"13d45ef1004978dc5\" class=\"panel-collapse collapse\" aria-labelledby=\"toggle_13d45ef1004978dc5\"><div class=\"panel-body toggle-content fusion-clearfix\">\n<p>correo electr\u00f3nico: <a href=\"mailto:act@stunet.tu-freiberg.de\">act@stunet.tu-freiberg.de<\/a><br \/>\n<a href=\"https:\/\/www.facebook.com\/ACademicTheatreFreiberg\" target=\"_blank\" rel=\"noopener\">a la p\u00e1gina de fans de Facebook<\/a><\/p>\n<\/div><\/div><\/div><div class=\"fusion-panel panel-default panel-2af5edfa2ad819478 fusion-toggle-has-divider\" style=\"--awb-title-color:var(--awb-color8);\"><div class=\"panel-heading\"><h4 class=\"panel-title toggle\" id=\"toggle_2af5edfa2ad819478\"><a aria-expanded=\"false\" aria-controls=\"2af5edfa2ad819478\" role=\"button\" data-toggle=\"collapse\" data-target=\"#2af5edfa2ad819478\" href=\"#2af5edfa2ad819478\"><span class=\"fusion-toggle-icon-wrapper\" aria-hidden=\"true\"><i class=\"fa-fusion-box active-icon awb-icon-minus\" aria-hidden=\"true\"><\/i><i class=\"fa-fusion-box inactive-icon awb-icon-plus\" aria-hidden=\"true\"><\/i><\/span><span class=\"fusion-toggle-heading\">Carnaval AG<\/span><\/a><\/h4><\/div><div id=\"2af5edfa2ad819478\" class=\"panel-collapse collapse\" aria-labelledby=\"toggle_2af5edfa2ad819478\"><div class=\"panel-body toggle-content fusion-clearfix\">\n<p>correo electr\u00f3nico: <a href=\"mailto:kultur@swf.tu-freiberg.de\">kultur@swf.tu-freiberg.de<\/a><\/p>\n<\/div><\/div><\/div><div class=\"fusion-panel panel-default panel-c3f0cbe5aac27da5b fusion-toggle-has-divider\" style=\"--awb-title-color:var(--awb-color8);\"><div class=\"panel-heading\"><h4 class=\"panel-title toggle\" id=\"toggle_c3f0cbe5aac27da5b\"><a aria-expanded=\"false\" aria-controls=\"c3f0cbe5aac27da5b\" role=\"button\" data-toggle=\"collapse\" data-target=\"#c3f0cbe5aac27da5b\" href=\"#c3f0cbe5aac27da5b\"><span class=\"fusion-toggle-icon-wrapper\" aria-hidden=\"true\"><i class=\"fa-fusion-box active-icon awb-icon-minus\" aria-hidden=\"true\"><\/i><i class=\"fa-fusion-box inactive-icon awb-icon-plus\" aria-hidden=\"true\"><\/i><\/span><span class=\"fusion-toggle-heading\">IG Jazz<\/span><\/a><\/h4><\/div><div id=\"c3f0cbe5aac27da5b\" class=\"panel-collapse collapse\" aria-labelledby=\"toggle_c3f0cbe5aac27da5b\"><div class=\"panel-body toggle-content fusion-clearfix\">\n<p>correo electr\u00f3nico: <a href=\"mailto:IG-Jazz@gmx.de\">IG-Jazz@gmx.de<\/a><br \/>\n<a href=\"https:\/\/www.freiberger-jazztage.de\/startseite.php\" target=\"_blank\" rel=\"noopener\">al sitio web<\/a><\/p>\n<\/div><\/div><\/div><div class=\"fusion-panel panel-default panel-18ddb9a0c46964eff fusion-toggle-has-divider\" style=\"--awb-title-color:var(--awb-color8);\"><div class=\"panel-heading\"><h4 class=\"panel-title toggle\" id=\"toggle_18ddb9a0c46964eff\"><a aria-expanded=\"false\" aria-controls=\"18ddb9a0c46964eff\" role=\"button\" data-toggle=\"collapse\" data-target=\"#18ddb9a0c46964eff\" href=\"#18ddb9a0c46964eff\"><span class=\"fusion-toggle-icon-wrapper\" aria-hidden=\"true\"><i class=\"fa-fusion-box active-icon awb-icon-minus\" aria-hidden=\"true\"><\/i><i class=\"fa-fusion-box inactive-icon awb-icon-plus\" aria-hidden=\"true\"><\/i><\/span><span class=\"fusion-toggle-heading\">Wood 'n' Brass Big Band de la TU Bergakademie Freiberg<\/span><\/a><\/h4><\/div><div id=\"18ddb9a0c46964eff\" class=\"panel-collapse collapse\" aria-labelledby=\"toggle_18ddb9a0c46964eff\"><div class=\"panel-body toggle-content fusion-clearfix\">\n<p>correo electr\u00f3nico: <a href=\"mailto:woodnbrassbigband@gmail.com\">woodnbrassbigband@gmail.com<\/a><br \/>\n<a href=\"https:\/\/www.facebook.com\/Wood.n.Brass.BigBand\/\" target=\"_blank\" rel=\"noopener\">a la p\u00e1gina de fans de Facebook<\/a><\/p>\n<\/div><\/div><\/div><div class=\"fusion-panel panel-default panel-4f70242dac61409ef fusion-toggle-has-divider\" style=\"--awb-title-color:var(--awb-color8);\"><div class=\"panel-heading\"><h4 class=\"panel-title toggle\" id=\"toggle_4f70242dac61409ef\"><a aria-expanded=\"false\" aria-controls=\"4f70242dac61409ef\" role=\"button\" data-toggle=\"collapse\" data-target=\"#4f70242dac61409ef\" href=\"#4f70242dac61409ef\"><span class=\"fusion-toggle-icon-wrapper\" aria-hidden=\"true\"><i class=\"fa-fusion-box active-icon awb-icon-minus\" aria-hidden=\"true\"><\/i><i class=\"fa-fusion-box inactive-icon awb-icon-plus\" aria-hidden=\"true\"><\/i><\/span><span class=\"fusion-toggle-heading\">Servicio m\u00e9dico acad\u00e9mico<\/span><\/a><\/h4><\/div><div id=\"4f70242dac61409ef\" class=\"panel-collapse collapse\" aria-labelledby=\"toggle_4f70242dac61409ef\"><div class=\"panel-body toggle-content fusion-clearfix\">\n<p>correo electr\u00f3nico: <a href=\"mailto:asd@stunet.tu-freiberg.de\">asd@stunet.tu-freiberg.de<\/a><\/p>\n<\/div><\/div><\/div><div class=\"fusion-panel panel-default panel-63f0bc0be8722843c fusion-toggle-has-divider\" style=\"--awb-title-color:var(--awb-color8);\"><div class=\"panel-heading\"><h4 class=\"panel-title toggle\" id=\"toggle_63f0bc0be8722843c\"><a aria-expanded=\"false\" aria-controls=\"63f0bc0be8722843c\" role=\"button\" data-toggle=\"collapse\" data-target=\"#63f0bc0be8722843c\" href=\"#63f0bc0be8722843c\"><span class=\"fusion-toggle-icon-wrapper\" aria-hidden=\"true\"><i class=\"fa-fusion-box active-icon awb-icon-minus\" aria-hidden=\"true\"><\/i><i class=\"fa-fusion-box inactive-icon awb-icon-plus\" aria-hidden=\"true\"><\/i><\/span><span class=\"fusion-toggle-heading\">AG Kino - El cine de los lunes en el AudiMax<\/span><\/a><\/h4><\/div><div id=\"63f0bc0be8722843c\" class=\"panel-collapse collapse\" aria-labelledby=\"toggle_63f0bc0be8722843c\"><div class=\"panel-body toggle-content fusion-clearfix\">\n<p><strong>Todos los lunes a las 20.00 horas<\/strong> (durante el periodo lectivo) se viene realizando desde hace m\u00e1s de 70 a\u00f1os en el <strong>Gran sala de conferencias en la Winklerstra\u00dfe<\/strong> se apagan las luces, suena el gong del cine, se abre el tel\u00f3n del escenario y la pantalla se ilumina.<\/p>\n<p>T\u00fa mismo eliges las pel\u00edculas que se proyectan: porque una vez al semestre, el primer lunes del periodo de ex\u00e1menes, toca ver trailers. Te mostramos unos 30 tr\u00e1ilers entre los que puedes elegir tus pel\u00edculas favoritas seg\u00fan el g\u00e9nero.<\/p>\n<p>Lo que la mayor\u00eda no sabe En la sala t\u00e9cnica hay dos aut\u00e9nticas m\u00e1quinas de cine para el formato de pel\u00edcula cinematogr\u00e1fica de 35 mm, con las que se reproducen las bobinas individuales de pel\u00edcula.<\/p>\n<p>Quien quiera ver algo as\u00ed en la vida real, puede venir a la noche de cine y echar un vistazo al \"santo de los santos\" del cineclub. Quiz\u00e1s tambi\u00e9n le interese unirse al cineclub.<\/p>\n<p>correo electr\u00f3nico:<a href=\"https:\/\/www.studentenwerk-freiberg.de\/wp-content\/uploads\/2025\/10\/AG-Kino-Gesamtposter-WS2526-klein.png\" target=\"_blank\" rel=\"noopener\"> al programa de cine actual<\/a><\/p>\n<\/div><\/div><\/div><div class=\"fusion-panel panel-default panel-65af97cab1186d5e6 fusion-toggle-has-divider\" style=\"--awb-title-color:var(--awb-color8);\"><div class=\"panel-heading\"><h4 class=\"panel-title toggle\" id=\"toggle_65af97cab1186d5e6\"><a aria-expanded=\"false\" aria-controls=\"65af97cab1186d5e6\" role=\"button\" data-toggle=\"collapse\" data-target=\"#65af97cab1186d5e6\" href=\"#65af97cab1186d5e6\"><span class=\"fusion-toggle-icon-wrapper\" aria-hidden=\"true\"><i class=\"fa-fusion-box active-icon awb-icon-minus\" aria-hidden=\"true\"><\/i><i class=\"fa-fusion-box inactive-icon awb-icon-plus\" aria-hidden=\"true\"><\/i><\/span><span class=\"fusion-toggle-heading\">Cer\u00e1mica AG<\/span><\/a><\/h4><\/div><div id=\"65af97cab1186d5e6\" class=\"panel-collapse collapse\" aria-labelledby=\"toggle_65af97cab1186d5e6\"><div class=\"panel-body toggle-content fusion-clearfix\">correo electr\u00f3nico: <a href=\"mailto:kultur@swf.tu-freiberg.de\">kultur@swf.tu-freiberg.de<\/a><\/div><\/div><\/div><div class=\"fusion-panel panel-default panel-0bf62163d0ef24046 fusion-toggle-has-divider\" style=\"--awb-title-color:var(--awb-color8);\"><div class=\"panel-heading\"><h4 class=\"panel-title toggle\" id=\"toggle_0bf62163d0ef24046\"><a aria-expanded=\"false\" aria-controls=\"0bf62163d0ef24046\" role=\"button\" data-toggle=\"collapse\" data-target=\"#0bf62163d0ef24046\" href=\"#0bf62163d0ef24046\"><span class=\"fusion-toggle-icon-wrapper\" aria-hidden=\"true\"><i class=\"fa-fusion-box active-icon awb-icon-minus\" aria-hidden=\"true\"><\/i><i class=\"fa-fusion-box inactive-icon awb-icon-plus\" aria-hidden=\"true\"><\/i><\/span><span class=\"fusion-toggle-heading\">AG Encaje<\/span><\/a><\/h4><\/div><div id=\"0bf62163d0ef24046\" class=\"panel-collapse collapse\" aria-labelledby=\"toggle_0bf62163d0ef24046\"><div class=\"panel-body toggle-content fusion-clearfix\">\n<p>correo electr\u00f3nico: <a href=\"mailto:kultur@swf.tu-freiberg.de\">kultur@swf.tu-freiberg.de<\/a><\/p>\n<\/div><\/div><\/div><div class=\"fusion-panel panel-default panel-c073ff76c80580958 fusion-toggle-has-divider\" style=\"--awb-title-color:var(--awb-color8);\"><div class=\"panel-heading\"><h4 class=\"panel-title toggle\" id=\"toggle_c073ff76c80580958\"><a aria-expanded=\"false\" aria-controls=\"c073ff76c80580958\" role=\"button\" data-toggle=\"collapse\" data-target=\"#c073ff76c80580958\" href=\"#c073ff76c80580958\"><span class=\"fusion-toggle-icon-wrapper\" aria-hidden=\"true\"><i class=\"fa-fusion-box active-icon awb-icon-minus\" aria-hidden=\"true\"><\/i><i class=\"fa-fusion-box inactive-icon awb-icon-plus\" aria-hidden=\"true\"><\/i><\/span><span class=\"fusion-toggle-heading\">Pintura AG<\/span><\/a><\/h4><\/div><div id=\"c073ff76c80580958\" class=\"panel-collapse collapse\" aria-labelledby=\"toggle_c073ff76c80580958\"><div class=\"panel-body toggle-content fusion-clearfix\">correo electr\u00f3nico: <a href=\"mailto:kultur@swf.tu-freiberg.de\">kultur@swf.tu-freiberg.de<\/a><\/div><\/div><\/div><\/div><\/div><div class=\"fusion-text fusion-text-1\" style=\"--awb-content-alignment:center;--awb-margin-top:2em;\"><p>Algunos grupos de trabajo tambi\u00e9n cuentan con el apoyo del consejo de estudiantes de la TU Bergakademie Freiberg, que puedes consultar en su p\u00e1gina web:<\/p>\n<\/div><div style=\"text-align:center;\"><a class=\"fusion-button button-flat fusion-button-default-size button-custom fusion-button-default button-1 fusion-button-default-span fusion-button-default-type\" style=\"--button_accent_color:var(--awb-color8);--button_border_color:var(--awb-color8);--button_accent_hover_color:var(--awb-color8);--button_border_hover_color:var(--awb-color5);--button_border_width-top:1px;--button_border_width-right:1px;--button_border_width-bottom:1px;--button_border_width-left:1px;--button_gradient_top_color:var(--awb-color1);--button_gradient_bottom_color:var(--awb-color1);--button_gradient_top_color_hover:var(--awb-color5);--button_gradient_bottom_color_hover:var(--awb-color5);\" target=\"_blank\" rel=\"noopener noreferrer\" href=\"https:\/\/www.stura.tu-freiberg.de\/\"><span class=\"fusion-button-text awb-button__text awb-button__text--default\">a la p\u00e1gina web de StuRa<\/span><i class=\"fa-external-link-alt fas awb-button__icon awb-button__icon--default button-icon-right\" aria-hidden=\"true\"><\/i><\/a><\/div><\/div><\/div><\/div><\/div><\/p>","protected":false},"excerpt":{"rendered":"","protected":false},"author":1,"featured_media":0,"parent":142,"menu_order":2,"comment_status":"closed","ping_status":"closed","template":"100-width.php","meta":{"_acf_changed":false,"footnotes":""},"class_list":["post-148","page","type-page","status-publish","hentry"],"acf":[],"_links":{"self":[{"href":"https:\/\/www.studentenwerk-freiberg.de\/es\/wp-json\/wp\/v2\/pages\/148","targetHints":{"allow":["GET"]}}],"collection":[{"href":"https:\/\/www.studentenwerk-freiberg.de\/es\/wp-json\/wp\/v2\/pages"}],"about":[{"href":"https:\/\/www.studentenwerk-freiberg.de\/es\/wp-json\/wp\/v2\/types\/page"}],"author":[{"embeddable":true,"href":"https:\/\/www.studentenwerk-freiberg.de\/es\/wp-json\/wp\/v2\/users\/1"}],"replies":[{"embeddable":true,"href":"https:\/\/www.studentenwerk-freiberg.de\/es\/wp-json\/wp\/v2\/comments?post=148"}],"version-history":[{"count":19,"href":"https:\/\/www.studentenwerk-freiberg.de\/es\/wp-json\/wp\/v2\/pages\/148\/revisions"}],"predecessor-version":[{"id":8201,"href":"https:\/\/www.studentenwerk-freiberg.de\/es\/wp-json\/wp\/v2\/pages\/148\/revisions\/8201"}],"up":[{"embeddable":true,"href":"https:\/\/www.studentenwerk-freiberg.de\/es\/wp-json\/wp\/v2\/pages\/142"}],"wp:attachment":[{"href":"https:\/\/www.studentenwerk-freiberg.de\/es\/wp-json\/wp\/v2\/media?parent=148"}],"curies":[{"name":"wp","href":"https:\/\/api.w.org\/{rel}","templated":true}]}}