{"id":146,"date":"2024-11-08T14:50:09","date_gmt":"2024-11-08T13:50:09","guid":{"rendered":"https:\/\/www.studentenwerk-freiberg.de\/?page_id=146"},"modified":"2025-08-11T11:03:36","modified_gmt":"2025-08-11T10:03:36","slug":"locations-freiberg","status":"publish","type":"page","link":"https:\/\/www.studentenwerk-freiberg.de\/es\/kultur\/in-freiberg-kultur\/locations-freiberg\/","title":{"rendered":"Ubicaciones"},"content":{"rendered":"<p><div class=\"fusion-fullwidth fullwidth-box fusion-builder-row-1 fusion-flex-container has-pattern-background has-mask-background fusion-parallax-none nonhundred-percent-fullwidth non-hundred-percent-height-scrolling\" style=\"--awb-background-position:center top;--awb-border-radius-top-left:0px;--awb-border-radius-top-right:0px;--awb-border-radius-bottom-right:0px;--awb-border-radius-bottom-left:0px;--awb-padding-top-small:1em;--awb-background-image:linear-gradient(180deg, var(--awb-color2) 0%,#76c5e2 100%),url(https:\/\/www.studentenwerk-freiberg.de\/wp-content\/uploads\/2024\/11\/header-textur.webp);;--awb-background-size:cover;--awb-flex-wrap:wrap;\" ><div class=\"fusion-builder-row fusion-row fusion-flex-align-items-center fusion-flex-align-content-flex-end fusion-flex-justify-content-center fusion-flex-content-wrap\" style=\"max-width:1248px;margin-left: calc(-4% \/ 2 );margin-right: calc(-4% \/ 2 );\"><div class=\"fusion-layout-column fusion_builder_column fusion-builder-column-0 fusion_builder_column_1_1 1_1 fusion-flex-column fusion-flex-align-self-center\" style=\"--awb-overflow:hidden;--awb-bg-size:cover;--awb-border-radius:5px 5px 0px 0px;--awb-width-large:100%;--awb-margin-top-large:1.5em;--awb-spacing-right-large:1.92%;--awb-margin-bottom-large:1em;--awb-spacing-left-large:1.92%;--awb-width-medium:100%;--awb-order-medium:0;--awb-spacing-right-medium:1.92%;--awb-spacing-left-medium:1.92%;--awb-width-small:100%;--awb-order-small:0;--awb-margin-top-small:0;--awb-spacing-right-small:1.92%;--awb-spacing-left-small:1.92%;\" data-scroll-devices=\"small-visibility,medium-visibility,large-visibility\"><div class=\"fusion-column-wrapper fusion-column-has-shadow fusion-flex-justify-content-center fusion-content-layout-column\"><nav class=\"fusion-breadcrumbs fusion-breadcrumbs-1\" style=\"--awb-breadcrumb-sep:&#039;\/&#039;;\" aria-label=\"Migas de pan\"><ol class=\"awb-breadcrumb-list\"><\/ol><\/nav><div class=\"fusion-title title fusion-title-1 fusion-sep-none fusion-title-text fusion-title-size-one\"><h1 class=\"fusion-title-heading title-heading-left fusion-responsive-typography-calculated\" style=\"margin:0;--fontSize:55;line-height:var(--awb-typography1-line-height);\">Espacios culturales de Freiberg<\/h1><\/div><\/div><\/div><div class=\"fusion-layout-column fusion_builder_column fusion-builder-column-1 fusion_builder_column_1_1 1_1 fusion-flex-column\" style=\"--awb-z-index:1;--awb-bg-size:cover;--awb-width-large:100%;--awb-margin-top-large:-40px;--awb-spacing-right-large:0px;--awb-margin-bottom-large:0px;--awb-spacing-left-large:0px;--awb-width-medium:100%;--awb-order-medium:0;--awb-margin-top-medium:-40px;--awb-spacing-right-medium:0px;--awb-spacing-left-medium:0px;--awb-width-small:100%;--awb-order-small:0;--awb-margin-top-small:-20px;--awb-spacing-right-small:0px;--awb-spacing-left-small:0px;\" data-scroll-devices=\"small-visibility,medium-visibility,large-visibility\"><div class=\"fusion-column-wrapper fusion-column-has-shadow fusion-flex-justify-content-flex-start fusion-content-layout-column\"><div class=\"fusion-section-separator section-separator slant fusion-section-separator-1\" style=\"--awb-spacer-height:80px;--awb-divider-height:80px;--awb-spacer-padding-top:inherit;--awb-divider-height-small:40px;--awb-spacer-height-small:40px;--awb-sep-padding:0;--awb-svg-padding:0;--awb-svg-tag-margin-bottom:-3px;--awb-sep-svg-display:block;--awb-margin-bottom:-2px;\"><div class=\"fusion-section-separator-svg\"><svg class=\"fusion-slant-candy\" xmlns=\"http:\/\/www.w3.org\/2000\/svg\" version=\"1.1\" width=\"100%\" height=\"100\" viewbox=\"0 0 100 100\" preserveaspectratio=\"none\" fill=\"rgba(255,255,255,1)\"><path d=\"M100 0 L0 100 L101 100 Z\"><\/path><\/svg><\/div><div class=\"fusion-section-separator-spacer\"><div class=\"fusion-section-separator-spacer-height\"><\/div><\/div><\/div><\/div><\/div><\/div><\/div><div class=\"fusion-fullwidth fullwidth-box fusion-builder-row-2 fusion-flex-container has-pattern-background has-mask-background nonhundred-percent-fullwidth non-hundred-percent-height-scrolling\" style=\"--awb-border-radius-top-left:0px;--awb-border-radius-top-right:0px;--awb-border-radius-bottom-right:0px;--awb-border-radius-bottom-left:0px;--awb-padding-top:2em;--awb-padding-bottom:1em;--awb-padding-bottom-small:0px;--awb-flex-wrap:wrap;\" ><div class=\"fusion-builder-row fusion-row fusion-flex-align-items-flex-start fusion-flex-justify-content-space-between fusion-flex-content-wrap\" style=\"max-width:1248px;margin-left: calc(-4% \/ 2 );margin-right: calc(-4% \/ 2 );\"><div class=\"fusion-layout-column fusion_builder_column fusion-builder-column-2 fusion_builder_column_5_6 5_6 fusion-flex-column\" style=\"--awb-bg-size:cover;--awb-width-large:83.333333333333%;--awb-margin-top-large:0px;--awb-spacing-right-large:2.304%;--awb-margin-bottom-large:20px;--awb-spacing-left-large:2.304%;--awb-width-medium:100%;--awb-order-medium:0;--awb-spacing-right-medium:1.92%;--awb-spacing-left-medium:1.92%;--awb-width-small:100%;--awb-order-small:2;--awb-spacing-right-small:1.92%;--awb-margin-bottom-small:2em;--awb-spacing-left-small:1.92%;\"><div class=\"fusion-column-wrapper fusion-column-has-shadow fusion-flex-justify-content-flex-start fusion-content-layout-column\"><div class=\"fusion-text fusion-text-1\"><p>La Uni\u00f3n de Estudiantes de Freiberg no s\u00f3lo da cabida a la corriente dominante, sino tambi\u00e9n a tendencias culturales alternativas y dirige o apoya dos clubes de estudiantes en Freiberg. Aqu\u00ed encontrar\u00e1s ofertas que de otro modo no estar\u00edan disponibles en la ciudad universitaria. Descubra en los clubes su idea personal de la cultura.<\/p>\n<\/div><\/div><\/div><\/div><\/div><div class=\"fusion-fullwidth fullwidth-box fusion-builder-row-3 fusion-flex-container has-pattern-background has-mask-background nonhundred-percent-fullwidth non-hundred-percent-height-scrolling\" style=\"--awb-border-radius-top-left:0px;--awb-border-radius-top-right:0px;--awb-border-radius-bottom-right:0px;--awb-border-radius-bottom-left:0px;--awb-padding-bottom:1em;--awb-padding-bottom-small:0px;--awb-flex-wrap:wrap;\" ><div class=\"fusion-builder-row fusion-row fusion-flex-align-items-stretch fusion-flex-content-wrap\" style=\"max-width:1248px;margin-left: calc(-4% \/ 2 );margin-right: calc(-4% \/ 2 );\"><div class=\"fusion-layout-column fusion_builder_column fusion-builder-column-3 fusion_builder_column_1_2 1_2 fusion-flex-column fusion-animated\" style=\"--awb-padding-bottom:5%;--awb-overflow:visible;--awb-bg-color:rgba(116,200,242,0.1);--awb-bg-color-hover:rgba(116,200,242,0.1);--awb-bg-size:cover;--awb-border-color:var(--awb-color5);--awb-border-style:solid;--awb-width-large:50%;--awb-margin-top-large:0px;--awb-spacing-right-large:3.84%;--awb-margin-bottom-large:2em;--awb-spacing-left-large:3.84%;--awb-width-medium:50%;--awb-order-medium:2;--awb-spacing-right-medium:3.84%;--awb-spacing-left-medium:3.84%;--awb-width-small:100%;--awb-order-small:1;--awb-spacing-right-small:1.92%;--awb-spacing-left-small:1.92%;\" data-animationtype=\"fadeInUp\" data-animationduration=\"1.3\" data-animationoffset=\"top-into-view\" data-scroll-devices=\"small-visibility,medium-visibility,large-visibility\"><div class=\"fusion-column-wrapper fusion-column-has-shadow fusion-flex-justify-content-flex-start fusion-content-layout-column\"><div class=\"fusion-image-element awb-imageframe-style awb-imageframe-style-below awb-imageframe-style-1\" style=\"--awb-aspect-ratio:21 \/ 9;--awb-caption-text-color:var(--awb-color6);--awb-caption-text-size:0.7em;--awb-caption-margin-right:10px;--awb-caption-title-font-family:var(--body_typography-font-family);--awb-caption-title-font-weight:var(--body_typography-font-weight);--awb-caption-title-font-style:var(--body_typography-font-style);--awb-caption-title-size:var(--body_typography-font-size);--awb-caption-title-transform:var(--body_typography-text-transform);--awb-caption-title-line-height:var(--body_typography-line-height);--awb-caption-title-letter-spacing:var(--body_typography-letter-spacing);\"><span class=\"fusion-imageframe imageframe-none imageframe-1 hover-type-none has-aspect-ratio\"><img decoding=\"async\" width=\"300\" height=\"200\" title=\"Shantel + Bucovina Club Orkestar en Klubhaus Alte Mensa Freiberg\" src=\"https:\/\/www.studentenwerk-freiberg.de\/wp-content\/uploads\/2025\/07\/Shantel-Bucovina-Club-Orkestar-im-Klubhaus-Alte-Mensa-Fr53-300x200.jpg\" class=\"img-responsive wp-image-7228 img-with-aspect-ratio\" data-parent-fit=\"cover\" data-parent-container=\".fusion-image-element\" alt srcset=\"https:\/\/www.studentenwerk-freiberg.de\/wp-content\/uploads\/2025\/07\/Shantel-Bucovina-Club-Orkestar-im-Klubhaus-Alte-Mensa-Fr53-200x133.jpg 200w, https:\/\/www.studentenwerk-freiberg.de\/wp-content\/uploads\/2025\/07\/Shantel-Bucovina-Club-Orkestar-im-Klubhaus-Alte-Mensa-Fr53-400x267.jpg 400w, https:\/\/www.studentenwerk-freiberg.de\/wp-content\/uploads\/2025\/07\/Shantel-Bucovina-Club-Orkestar-im-Klubhaus-Alte-Mensa-Fr53-600x400.jpg 600w, https:\/\/www.studentenwerk-freiberg.de\/wp-content\/uploads\/2025\/07\/Shantel-Bucovina-Club-Orkestar-im-Klubhaus-Alte-Mensa-Fr53-800x533.jpg 800w, https:\/\/www.studentenwerk-freiberg.de\/wp-content\/uploads\/2025\/07\/Shantel-Bucovina-Club-Orkestar-im-Klubhaus-Alte-Mensa-Fr53-1200x800.jpg 1200w\" sizes=\"(max-width: 640px) 100vw, 600px\" \/><\/span><div class=\"awb-imageframe-caption-container\" style=\"text-align:right;\"><div class=\"awb-imageframe-caption\"><div class=\"awb-imageframe-caption-title\"> <\/div><p class=\"awb-imageframe-caption-text\">Shantel + Bucovina Club Orkestar en directo \u00a9 Klubhaus e. V. \/ Marcel Schlenkrich<\/p><\/div><\/div><\/div><div class=\"fusion-builder-row fusion-builder-row-inner fusion-row fusion-flex-align-items-stretch fusion-flex-content-wrap\" style=\"width:104% !important;max-width:104% !important;margin-left: calc(-4% \/ 2 );margin-right: calc(-4% \/ 2 );\"><div class=\"fusion-layout-column fusion_builder_column_inner fusion-builder-nested-column-0 fusion_builder_column_inner_1_1 1_1 fusion-flex-column\" style=\"--awb-padding-right:7%;--awb-padding-left:7%;--awb-bg-size:cover;--awb-width-large:100%;--awb-margin-top-large:0px;--awb-spacing-right-large:1.92%;--awb-margin-bottom-large:0px;--awb-spacing-left-large:1.92%;--awb-width-medium:100%;--awb-order-medium:0;--awb-spacing-right-medium:1.92%;--awb-spacing-left-medium:1.92%;--awb-width-small:100%;--awb-order-small:0;--awb-spacing-right-small:1.92%;--awb-spacing-left-small:1.92%;\"><div class=\"fusion-column-wrapper fusion-column-has-shadow fusion-flex-justify-content-flex-start fusion-content-layout-column\"><div class=\"fusion-title title fusion-title-2 fusion-sep-none fusion-title-text fusion-title-size-two\" style=\"--awb-font-size:2em;\"><h2 class=\"fusion-title-heading title-heading-left fusion-responsive-typography-calculated\" style=\"margin:0;font-size:1em;--fontSize:36;line-height:var(--awb-typography1-line-height);\">Antigua cantina<\/h2><\/div><div class=\"fusion-text fusion-text-2\"><p>El centro estudiantil \"Alte Mensa\", en el coraz\u00f3n de Freiberg, es un lugar de encuentro cultural con una larga tradici\u00f3n: anta\u00f1o hotel y sala de baile, hoy alberga eventos, clubes de estudiantes y el popular club estudiantil \"Klubhaus e.V.\", ideal para conciertos en directo, conferencias y mucho m\u00e1s.<\/p>\n<\/div><div ><a class=\"fusion-button button-flat fusion-button-default-size button-default fusion-button-default button-1 fusion-button-default-span fusion-button-default-type\" style=\"--button_margin-bottom:1em;\" target=\"_self\" href=\"https:\/\/www.studentenwerk-freiberg.de\/es\/kultur\/in-freiberg-kultur\/locations-freiberg\/alte-mensa\/\"><span class=\"fusion-button-text awb-button__text awb-button__text--default\">a la antigua cantina<\/span><i class=\"fa-angle-right fas awb-button__icon awb-button__icon--default button-icon-right\" aria-hidden=\"true\"><\/i><\/a><\/div><\/div><\/div><\/div><\/div><\/div><div class=\"fusion-layout-column fusion_builder_column fusion-builder-column-4 fusion_builder_column_1_2 1_2 fusion-flex-column fusion-animated\" style=\"--awb-padding-bottom:5%;--awb-overflow:visible;--awb-bg-color:rgba(116,200,242,0.1);--awb-bg-color-hover:rgba(116,200,242,0.1);--awb-bg-size:cover;--awb-border-color:var(--awb-color5);--awb-border-style:solid;--awb-width-large:50%;--awb-margin-top-large:0px;--awb-spacing-right-large:3.84%;--awb-margin-bottom-large:2em;--awb-spacing-left-large:3.84%;--awb-width-medium:50%;--awb-order-medium:2;--awb-spacing-right-medium:3.84%;--awb-spacing-left-medium:3.84%;--awb-width-small:100%;--awb-order-small:1;--awb-spacing-right-small:1.92%;--awb-spacing-left-small:1.92%;\" data-animationtype=\"fadeInUp\" data-animationduration=\"1.3\" data-animationoffset=\"top-into-view\" data-scroll-devices=\"small-visibility,medium-visibility,large-visibility\"><div class=\"fusion-column-wrapper fusion-column-has-shadow fusion-flex-justify-content-flex-start fusion-content-layout-column\"><div class=\"fusion-image-element awb-imageframe-style awb-imageframe-style-below awb-imageframe-style-2\" style=\"--awb-aspect-ratio:21 \/ 9;--awb-caption-text-color:var(--awb-color6);--awb-caption-text-size:0.7em;--awb-caption-margin-right:10px;--awb-caption-title-font-family:var(--body_typography-font-family);--awb-caption-title-font-weight:var(--body_typography-font-weight);--awb-caption-title-font-style:var(--body_typography-font-style);--awb-caption-title-size:var(--body_typography-font-size);--awb-caption-title-transform:var(--body_typography-text-transform);--awb-caption-title-line-height:var(--body_typography-line-height);--awb-caption-title-letter-spacing:var(--body_typography-letter-spacing);\"><span class=\"fusion-imageframe imageframe-none imageframe-2 hover-type-none has-aspect-ratio\"><img decoding=\"async\" width=\"2000\" height=\"1333\" title=\"EAC Freiberg\" src=\"https:\/\/www.studentenwerk-freiberg.de\/wp-content\/uploads\/2025\/07\/EAC.jpg\" class=\"img-responsive wp-image-7230 img-with-aspect-ratio\" data-parent-fit=\"cover\" data-parent-container=\".fusion-image-element\" alt srcset=\"https:\/\/www.studentenwerk-freiberg.de\/wp-content\/uploads\/2025\/07\/EAC-200x133.jpg 200w, https:\/\/www.studentenwerk-freiberg.de\/wp-content\/uploads\/2025\/07\/EAC-400x267.jpg 400w, https:\/\/www.studentenwerk-freiberg.de\/wp-content\/uploads\/2025\/07\/EAC-600x400.jpg 600w, https:\/\/www.studentenwerk-freiberg.de\/wp-content\/uploads\/2025\/07\/EAC-800x533.jpg 800w, https:\/\/www.studentenwerk-freiberg.de\/wp-content\/uploads\/2025\/07\/EAC-1200x800.jpg 1200w, https:\/\/www.studentenwerk-freiberg.de\/wp-content\/uploads\/2025\/07\/EAC.jpg 2000w\" sizes=\"(max-width: 640px) 100vw, 600px\" \/><\/span><div class=\"awb-imageframe-caption-container\" style=\"text-align:right;\"><div class=\"awb-imageframe-caption\"><div class=\"awb-imageframe-caption-title\"> <\/div><p class=\"awb-imageframe-caption-text\">EAC Freiberg \u00a9 Erdalchimisten Freiberg e. V. \/ Marcel Schlenkrich<\/p><\/div><\/div><\/div><div class=\"fusion-builder-row fusion-builder-row-inner fusion-row fusion-flex-align-items-stretch fusion-flex-content-wrap\" style=\"width:104% !important;max-width:104% !important;margin-left: calc(-4% \/ 2 );margin-right: calc(-4% \/ 2 );\"><div class=\"fusion-layout-column fusion_builder_column_inner fusion-builder-nested-column-1 fusion_builder_column_inner_1_1 1_1 fusion-flex-column\" style=\"--awb-padding-right:7%;--awb-padding-left:7%;--awb-bg-size:cover;--awb-width-large:100%;--awb-margin-top-large:0px;--awb-spacing-right-large:1.92%;--awb-margin-bottom-large:0px;--awb-spacing-left-large:1.92%;--awb-width-medium:100%;--awb-order-medium:0;--awb-spacing-right-medium:1.92%;--awb-spacing-left-medium:1.92%;--awb-width-small:100%;--awb-order-small:0;--awb-spacing-right-small:1.92%;--awb-spacing-left-small:1.92%;\"><div class=\"fusion-column-wrapper fusion-column-has-shadow fusion-flex-justify-content-flex-start fusion-content-layout-column\"><div class=\"fusion-title title fusion-title-3 fusion-sep-none fusion-title-text fusion-title-size-two\" style=\"--awb-font-size:2em;\"><h2 class=\"fusion-title-heading title-heading-left fusion-responsive-typography-calculated\" style=\"margin:0;font-size:1em;--fontSize:36;line-height:var(--awb-typography1-line-height);\">Club de alquimistas de la Tierra<\/h2><\/div><div class=\"fusion-text fusion-text-3\"><p>El \"ErdAlchimistenClub\" (EAC) te espera en la Neue Mensa con un variado programa varias tardes a la semana. Surgido de los clubes de culto \"Geoclub\" y \"Chemikerklub\", el EAC ofrece ahora en su nuevo domicilio un lugar de encuentro para todos los estudiantes.<\/p>\n<\/div><div ><a class=\"fusion-button button-flat fusion-button-default-size button-default fusion-button-default button-2 fusion-button-default-span fusion-button-default-type\" style=\"--button_margin-bottom:1em;\" target=\"_self\" href=\"https:\/\/www.studentenwerk-freiberg.de\/es\/kultur\/in-freiberg-kultur\/locations-freiberg\/erdalchimisten-club\/\"><span class=\"fusion-button-text awb-button__text awb-button__text--default\">a la CAO<\/span><i class=\"fa-angle-right fas awb-button__icon awb-button__icon--default button-icon-right\" aria-hidden=\"true\"><\/i><\/a><\/div><\/div><\/div><\/div><\/div><\/div><\/div><\/div><div class=\"fusion-fullwidth fullwidth-box fusion-builder-row-4 fusion-flex-container has-pattern-background has-mask-background nonhundred-percent-fullwidth non-hundred-percent-height-scrolling\" style=\"--awb-border-radius-top-left:0px;--awb-border-radius-top-right:0px;--awb-border-radius-bottom-right:0px;--awb-border-radius-bottom-left:0px;--awb-padding-top:2em;--awb-padding-bottom:1em;--awb-padding-bottom-small:0px;--awb-background-color:var(--awb-color2);--awb-flex-wrap:wrap;\" ><div class=\"fusion-builder-row fusion-row fusion-flex-align-items-flex-start fusion-flex-justify-content-space-between fusion-flex-content-wrap\" style=\"max-width:1248px;margin-left: calc(-4% \/ 2 );margin-right: calc(-4% \/ 2 );\"><div class=\"fusion-layout-column fusion_builder_column fusion-builder-column-5 fusion_builder_column_5_6 5_6 fusion-flex-column\" style=\"--awb-bg-size:cover;--awb-width-large:83.333333333333%;--awb-margin-top-large:0px;--awb-spacing-right-large:2.304%;--awb-margin-bottom-large:20px;--awb-spacing-left-large:2.304%;--awb-width-medium:100%;--awb-order-medium:0;--awb-spacing-right-medium:1.92%;--awb-spacing-left-medium:1.92%;--awb-width-small:100%;--awb-order-small:2;--awb-spacing-right-small:1.92%;--awb-margin-bottom-small:2em;--awb-spacing-left-small:1.92%;\"><div class=\"fusion-column-wrapper fusion-column-has-shadow fusion-flex-justify-content-flex-start fusion-content-layout-column\"><div class=\"fusion-title title fusion-title-4 fusion-sep-none fusion-title-text fusion-title-size-two\" style=\"--awb-text-color:var(--awb-color7);--awb-font-size:2em;\"><h2 class=\"fusion-title-heading title-heading-left fusion-responsive-typography-calculated\" style=\"margin:0;font-size:1em;--fontSize:36;line-height:var(--awb-typography1-line-height);\">Otros lugares y eventos asociados en Freiberg<\/h2><\/div><div ><a class=\"fusion-button button-flat fusion-button-default-size button-custom fusion-button-default button-3 fusion-button-default-span fusion-button-default-type\" style=\"--button_accent_color:var(--awb-custom_color_1);--button_accent_hover_color:var(--awb-color7);--button_border_hover_color:var(--awb-color7);--button_border_width-top:0;--button_border_width-right:0;--button_border_width-bottom:0;--button_border_width-left:0;--button_gradient_top_color:rgba(255,255,255,0);--button_gradient_bottom_color:rgba(255,255,255,0);--button_gradient_top_color_hover:rgba(255,255,255,0);--button_gradient_bottom_color_hover:rgba(255,255,255,0);--button_font_size:0.9em;--button_padding-top:0px;--button_padding-right:0px;--button_padding-bottom:0px;--button_padding-left:0px;--button_margin-bottom:15px;\" target=\"_blank\" rel=\"noopener noreferrer\" href=\"https:\/\/klubhausev.de\/\"><span class=\"fusion-button-text awb-button__text awb-button__text--default\">Clubhouse e.V.<\/span><i class=\"fa-external-link-alt fas awb-button__icon awb-button__icon--default button-icon-right\" aria-hidden=\"true\"><\/i><\/a><\/div><div ><a class=\"fusion-button button-flat fusion-button-default-size button-custom fusion-button-default button-4 fusion-button-default-span fusion-button-default-type\" style=\"--button_accent_color:var(--awb-custom_color_1);--button_accent_hover_color:var(--awb-color7);--button_border_hover_color:var(--awb-color7);--button_border_width-top:0;--button_border_width-right:0;--button_border_width-bottom:0;--button_border_width-left:0;--button_gradient_top_color:rgba(255,255,255,0);--button_gradient_bottom_color:rgba(255,255,255,0);--button_gradient_top_color_hover:rgba(255,255,255,0);--button_gradient_bottom_color_hover:rgba(255,255,255,0);--button_font_size:0.9em;--button_padding-top:0px;--button_padding-right:0px;--button_padding-bottom:0px;--button_padding-left:0px;--button_margin-bottom:15px;\" target=\"_blank\" rel=\"noopener noreferrer\" href=\"https:\/\/www.kinopolis.de\/fr\"><span class=\"fusion-button-text awb-button__text awb-button__text--default\">Kinopolis Freiberg<\/span><i class=\"fa-external-link-alt fas awb-button__icon awb-button__icon--default button-icon-right\" aria-hidden=\"true\"><\/i><\/a><\/div><div ><a class=\"fusion-button button-flat fusion-button-default-size button-custom fusion-button-default button-5 fusion-button-default-span fusion-button-default-type\" style=\"--button_accent_color:var(--awb-custom_color_1);--button_accent_hover_color:var(--awb-color7);--button_border_hover_color:var(--awb-color7);--button_border_width-top:0;--button_border_width-right:0;--button_border_width-bottom:0;--button_border_width-left:0;--button_gradient_top_color:rgba(255,255,255,0);--button_gradient_bottom_color:rgba(255,255,255,0);--button_gradient_top_color_hover:rgba(255,255,255,0);--button_gradient_bottom_color_hover:rgba(255,255,255,0);--button_font_size:0.9em;--button_padding-top:0px;--button_padding-right:0px;--button_padding-bottom:0px;--button_padding-left:0px;--button_margin-bottom:15px;\" target=\"_blank\" rel=\"noopener noreferrer\" href=\"https:\/\/www.mittelsaechsisches-theater.de\/\"><span class=\"fusion-button-text awb-button__text awb-button__text--default\">Teatro saj\u00f3n medio<\/span><i class=\"fa-external-link-alt fas awb-button__icon awb-button__icon--default button-icon-right\" aria-hidden=\"true\"><\/i><\/a><\/div><div ><a class=\"fusion-button button-flat fusion-button-default-size button-custom fusion-button-default button-6 fusion-button-default-span fusion-button-default-type\" style=\"--button_accent_color:var(--awb-custom_color_1);--button_accent_hover_color:var(--awb-color7);--button_border_hover_color:var(--awb-color7);--button_border_width-top:0;--button_border_width-right:0;--button_border_width-bottom:0;--button_border_width-left:0;--button_gradient_top_color:rgba(255,255,255,0);--button_gradient_bottom_color:rgba(255,255,255,0);--button_gradient_top_color_hover:rgba(255,255,255,0);--button_gradient_bottom_color_hover:rgba(255,255,255,0);--button_font_size:0.9em;--button_padding-top:0px;--button_padding-right:0px;--button_padding-bottom:0px;--button_padding-left:0px;--button_margin-bottom:15px;\" target=\"_blank\" rel=\"noopener noreferrer\" href=\"https:\/\/www.freiberger-jazztage.de\/startseite.php\"><span class=\"fusion-button-text awb-button__text awb-button__text--default\">IG Jazz en el Sindicato de Estudiantes<\/span><i class=\"fa-external-link-alt fas awb-button__icon awb-button__icon--default button-icon-right\" aria-hidden=\"true\"><\/i><\/a><\/div><\/div><\/div><\/div><\/div><\/p>","protected":false},"excerpt":{"rendered":"","protected":false},"author":1,"featured_media":0,"parent":142,"menu_order":1,"comment_status":"closed","ping_status":"closed","template":"100-width.php","meta":{"_acf_changed":false,"footnotes":""},"class_list":["post-146","page","type-page","status-publish","hentry"],"acf":[],"_links":{"self":[{"href":"https:\/\/www.studentenwerk-freiberg.de\/es\/wp-json\/wp\/v2\/pages\/146","targetHints":{"allow":["GET"]}}],"collection":[{"href":"https:\/\/www.studentenwerk-freiberg.de\/es\/wp-json\/wp\/v2\/pages"}],"about":[{"href":"https:\/\/www.studentenwerk-freiberg.de\/es\/wp-json\/wp\/v2\/types\/page"}],"author":[{"embeddable":true,"href":"https:\/\/www.studentenwerk-freiberg.de\/es\/wp-json\/wp\/v2\/users\/1"}],"replies":[{"embeddable":true,"href":"https:\/\/www.studentenwerk-freiberg.de\/es\/wp-json\/wp\/v2\/comments?post=146"}],"version-history":[{"count":15,"href":"https:\/\/www.studentenwerk-freiberg.de\/es\/wp-json\/wp\/v2\/pages\/146\/revisions"}],"predecessor-version":[{"id":7690,"href":"https:\/\/www.studentenwerk-freiberg.de\/es\/wp-json\/wp\/v2\/pages\/146\/revisions\/7690"}],"up":[{"embeddable":true,"href":"https:\/\/www.studentenwerk-freiberg.de\/es\/wp-json\/wp\/v2\/pages\/142"}],"wp:attachment":[{"href":"https:\/\/www.studentenwerk-freiberg.de\/es\/wp-json\/wp\/v2\/media?parent=146"}],"curies":[{"name":"wp","href":"https:\/\/api.w.org\/{rel}","templated":true}]}}